{"id":943,"date":"2021-03-30T20:44:23","date_gmt":"2021-03-30T18:44:23","guid":{"rendered":"https:\/\/munkoescomputer.dk\/?post_type=product&#038;p=943"},"modified":"2021-04-12T12:24:30","modified_gmt":"2021-04-12T10:24:30","slug":"excel-regnskab-ivaerksaetter","status":"publish","type":"product","link":"https:\/\/munkoescomputer.dk\/?product=excel-regnskab-ivaerksaetter","title":{"rendered":"Excel Regnskab Iv\u00e6rks\u00e6tter"},"content":{"rendered":"<p>Her vises oversigt over firmaet indt\u00e6gter og udgifter.<\/p>\n<p>M\u00e5ned for m\u00e5ned fordelt p\u00e5 varesalg, varek\u00f8b, m.m.<br \/>\n<img decoding=\"async\" class=\"alignnone size-medium wp-image-944\" src=\"https:\/\/munkoescomputer.dk\/wp-content\/uploads\/2021\/03\/forside_big-300x159.jpg\" alt=\"oversigt\" width=\"300\" height=\"159\" srcset=\"https:\/\/munkoescomputer.dk\/wp-content\/uploads\/2021\/03\/forside_big-200x106.jpg 200w, https:\/\/munkoescomputer.dk\/wp-content\/uploads\/2021\/03\/forside_big-300x159.jpg 300w, https:\/\/munkoescomputer.dk\/wp-content\/uploads\/2021\/03\/forside_big-400x212.jpg 400w, https:\/\/munkoescomputer.dk\/wp-content\/uploads\/2021\/03\/forside_big-500x266.jpg 500w, https:\/\/munkoescomputer.dk\/wp-content\/uploads\/2021\/03\/forside_big-600x319.jpg 600w, https:\/\/munkoescomputer.dk\/wp-content\/uploads\/2021\/03\/forside_big-700x372.jpg 700w, https:\/\/munkoescomputer.dk\/wp-content\/uploads\/2021\/03\/forside_big-768x408.jpg 768w, https:\/\/munkoescomputer.dk\/wp-content\/uploads\/2021\/03\/forside_big-800x425.jpg 800w, https:\/\/munkoescomputer.dk\/wp-content\/uploads\/2021\/03\/forside_big.jpg 900w\" sizes=\"(max-width: 300px) 100vw, 300px\" \/><\/p>\n<p>Modkonto er Bank, kasse og en til<\/p>\n<p><img decoding=\"async\" class=\"alignnone size-full wp-image-946\" src=\"https:\/\/munkoescomputer.dk\/wp-content\/uploads\/2021\/03\/modkontoer.jpg\" alt=\"Modkonto\" width=\"225\" height=\"133\" srcset=\"https:\/\/munkoescomputer.dk\/wp-content\/uploads\/2021\/03\/modkontoer-200x118.jpg 200w, https:\/\/munkoescomputer.dk\/wp-content\/uploads\/2021\/03\/modkontoer.jpg 225w\" sizes=\"(max-width: 225px) 100vw, 225px\" \/><\/p>\n<p>Kontoplan<\/p>\n<p><img decoding=\"async\" class=\"alignnone size-medium wp-image-947\" src=\"https:\/\/munkoescomputer.dk\/wp-content\/uploads\/2021\/03\/kontoplan-235x300.jpg\" alt=\"kontoplan\" width=\"235\" height=\"300\" srcset=\"https:\/\/munkoescomputer.dk\/wp-content\/uploads\/2021\/03\/kontoplan-200x256.jpg 200w, https:\/\/munkoescomputer.dk\/wp-content\/uploads\/2021\/03\/kontoplan-235x300.jpg 235w, https:\/\/munkoescomputer.dk\/wp-content\/uploads\/2021\/03\/kontoplan.jpg 313w\" sizes=\"(max-width: 235px) 100vw, 235px\" \/><\/p>\n<p>Der er afsat en side til hver m\u00e5ned. Fungerer som en kladde i et hvert<\/p>\n<p>bogf\u00f8ringsprogram.<\/p>\n<p><img decoding=\"async\" class=\"alignnone size-medium wp-image-948\" src=\"https:\/\/munkoescomputer.dk\/wp-content\/uploads\/2021\/03\/month_accounting_big-300x142.jpg\" alt=\"M\u00e5neds kladde\" width=\"300\" height=\"142\" srcset=\"https:\/\/munkoescomputer.dk\/wp-content\/uploads\/2021\/03\/month_accounting_big-200x94.jpg 200w, https:\/\/munkoescomputer.dk\/wp-content\/uploads\/2021\/03\/month_accounting_big-300x142.jpg 300w, https:\/\/munkoescomputer.dk\/wp-content\/uploads\/2021\/03\/month_accounting_big-400x189.jpg 400w, https:\/\/munkoescomputer.dk\/wp-content\/uploads\/2021\/03\/month_accounting_big-500x236.jpg 500w, https:\/\/munkoescomputer.dk\/wp-content\/uploads\/2021\/03\/month_accounting_big-600x283.jpg 600w, https:\/\/munkoescomputer.dk\/wp-content\/uploads\/2021\/03\/month_accounting_big-700x331.jpg 700w, https:\/\/munkoescomputer.dk\/wp-content\/uploads\/2021\/03\/month_accounting_big-768x363.jpg 768w, https:\/\/munkoescomputer.dk\/wp-content\/uploads\/2021\/03\/month_accounting_big-800x378.jpg 800w, https:\/\/munkoescomputer.dk\/wp-content\/uploads\/2021\/03\/month_accounting_big.jpg 900w\" sizes=\"(max-width: 300px) 100vw, 300px\" \/><\/p>\n","protected":false},"excerpt":{"rendered":"<p>Her vises oversigt over firmaet indt\u00e6gter og udgifter. M\u00e5ned for m\u00e5ned fordelt p\u00e5 varesalg, varek\u00f8b, m.m. Modkonto er Bank, kasse og en til Kontoplan Der er afsat en side [&hellip;]<\/p>\n","protected":false},"featured_media":921,"comment_status":"open","ping_status":"closed","template":"","meta":[],"product_brand":[],"product_cat":[39],"product_tag":[41,40,43],"class_list":{"0":"post-943","1":"product","2":"type-product","3":"status-publish","4":"has-post-thumbnail","6":"product_cat-excel-programmer","7":"product_tag-excel","8":"product_tag-excel-regnskab","9":"product_tag-software","11":"first","12":"instock","13":"sale","14":"downloadable","15":"taxable","16":"shipping-taxable","17":"purchasable","18":"product-type-simple"},"yoast_head":"<!-- This site is optimized with the Yoast SEO plugin v27.0 - https:\/\/yoast.com\/product\/yoast-seo-wordpress\/ -->\n<title>Excel Regnskab Iv\u00e6rks\u00e6tter - Munk\u00f8&#039;s Computer<\/title>\n<meta name=\"description\" content=\"Dette er et simpel regnskabsprogram, som ogs\u00e5 kan bruges i Open Office. Det kraver ingen uddannelse at bruge programmet\" \/>\n<meta name=\"robots\" content=\"index, follow, max-snippet:-1, max-image-preview:large, max-video-preview:-1\" \/>\n<link rel=\"canonical\" href=\"https:\/\/munkoescomputer.dk\/?product=excel-regnskab-ivaerksaetter\" \/>\n<meta property=\"og:locale\" content=\"da_DK\" \/>\n<meta property=\"og:type\" content=\"article\" \/>\n<meta property=\"og:title\" content=\"Excel Regnskab Iv\u00e6rks\u00e6tter - Munk\u00f8&#039;s Computer\" \/>\n<meta property=\"og:description\" content=\"Dette er et simpel regnskabsprogram, som ogs\u00e5 kan bruges i Open Office. Det kraver ingen uddannelse at bruge programmet\" \/>\n<meta property=\"og:url\" content=\"https:\/\/munkoescomputer.dk\/?product=excel-regnskab-ivaerksaetter\" \/>\n<meta property=\"og:site_name\" content=\"Munk\u00f8&#039;s Computer\" \/>\n<meta property=\"article:modified_time\" content=\"2021-04-12T10:24:30+00:00\" \/>\n<meta property=\"og:image\" content=\"https:\/\/munkoescomputer.dk\/wp-content\/uploads\/2021\/03\/excel-regnskab-main.jpg\" \/>\n\t<meta property=\"og:image:width\" content=\"680\" \/>\n\t<meta property=\"og:image:height\" content=\"447\" \/>\n\t<meta property=\"og:image:type\" content=\"image\/jpeg\" \/>\n<meta name=\"twitter:card\" content=\"summary_large_image\" \/>\n<meta name=\"twitter:label1\" content=\"Estimeret l\u00e6setid\" \/>\n\t<meta name=\"twitter:data1\" content=\"1 minut\" \/>\n<script type=\"application\/ld+json\" class=\"yoast-schema-graph\">{\"@context\":\"https:\/\/schema.org\",\"@graph\":[{\"@type\":\"WebPage\",\"@id\":\"https:\/\/munkoescomputer.dk\/?product=excel-regnskab-ivaerksaetter\",\"url\":\"https:\/\/munkoescomputer.dk\/?product=excel-regnskab-ivaerksaetter\",\"name\":\"Excel Regnskab Iv\u00e6rks\u00e6tter - Munk\u00f8&#039;s Computer\",\"isPartOf\":{\"@id\":\"https:\/\/munkoescomputer.dk\/#website\"},\"primaryImageOfPage\":{\"@id\":\"https:\/\/munkoescomputer.dk\/?product=excel-regnskab-ivaerksaetter#primaryimage\"},\"image\":{\"@id\":\"https:\/\/munkoescomputer.dk\/?product=excel-regnskab-ivaerksaetter#primaryimage\"},\"thumbnailUrl\":\"https:\/\/munkoescomputer.dk\/wp-content\/uploads\/2021\/03\/excel-regnskab-main.jpg\",\"datePublished\":\"2021-03-30T18:44:23+00:00\",\"dateModified\":\"2021-04-12T10:24:30+00:00\",\"description\":\"Dette er et simpel regnskabsprogram, som ogs\u00e5 kan bruges i Open Office. Det kraver ingen uddannelse at bruge programmet\",\"breadcrumb\":{\"@id\":\"https:\/\/munkoescomputer.dk\/?product=excel-regnskab-ivaerksaetter#breadcrumb\"},\"inLanguage\":\"da-DK\",\"potentialAction\":[{\"@type\":\"ReadAction\",\"target\":[\"https:\/\/munkoescomputer.dk\/?product=excel-regnskab-ivaerksaetter\"]}]},{\"@type\":\"ImageObject\",\"inLanguage\":\"da-DK\",\"@id\":\"https:\/\/munkoescomputer.dk\/?product=excel-regnskab-ivaerksaetter#primaryimage\",\"url\":\"https:\/\/munkoescomputer.dk\/wp-content\/uploads\/2021\/03\/excel-regnskab-main.jpg\",\"contentUrl\":\"https:\/\/munkoescomputer.dk\/wp-content\/uploads\/2021\/03\/excel-regnskab-main.jpg\",\"width\":680,\"height\":447,\"caption\":\"Excel regnskab\"},{\"@type\":\"BreadcrumbList\",\"@id\":\"https:\/\/munkoescomputer.dk\/?product=excel-regnskab-ivaerksaetter#breadcrumb\",\"itemListElement\":[{\"@type\":\"ListItem\",\"position\":1,\"name\":\"Hjem\",\"item\":\"https:\/\/munkoescomputer.dk\/\"},{\"@type\":\"ListItem\",\"position\":2,\"name\":\"Butik\",\"item\":\"https:\/\/munkoescomputer.dk\/?page_id=18\"},{\"@type\":\"ListItem\",\"position\":3,\"name\":\"Excel Regnskab Iv\u00e6rks\u00e6tter\"}]},{\"@type\":\"WebSite\",\"@id\":\"https:\/\/munkoescomputer.dk\/#website\",\"url\":\"https:\/\/munkoescomputer.dk\/\",\"name\":\"Munk\u00f8&#039;s Computer\",\"description\":\"Endnu en WordPress-blog\",\"potentialAction\":[{\"@type\":\"SearchAction\",\"target\":{\"@type\":\"EntryPoint\",\"urlTemplate\":\"https:\/\/munkoescomputer.dk\/?s={search_term_string}\"},\"query-input\":{\"@type\":\"PropertyValueSpecification\",\"valueRequired\":true,\"valueName\":\"search_term_string\"}}],\"inLanguage\":\"da-DK\"}]}<\/script>\n<!-- \/ Yoast SEO plugin. -->","yoast_head_json":{"title":"Excel Regnskab Iv\u00e6rks\u00e6tter - Munk\u00f8&#039;s Computer","description":"Dette er et simpel regnskabsprogram, som ogs\u00e5 kan bruges i Open Office. Det kraver ingen uddannelse at bruge programmet","robots":{"index":"index","follow":"follow","max-snippet":"max-snippet:-1","max-image-preview":"max-image-preview:large","max-video-preview":"max-video-preview:-1"},"canonical":"https:\/\/munkoescomputer.dk\/?product=excel-regnskab-ivaerksaetter","og_locale":"da_DK","og_type":"article","og_title":"Excel Regnskab Iv\u00e6rks\u00e6tter - Munk\u00f8&#039;s Computer","og_description":"Dette er et simpel regnskabsprogram, som ogs\u00e5 kan bruges i Open Office. Det kraver ingen uddannelse at bruge programmet","og_url":"https:\/\/munkoescomputer.dk\/?product=excel-regnskab-ivaerksaetter","og_site_name":"Munk\u00f8&#039;s Computer","article_modified_time":"2021-04-12T10:24:30+00:00","og_image":[{"width":680,"height":447,"url":"https:\/\/munkoescomputer.dk\/wp-content\/uploads\/2021\/03\/excel-regnskab-main.jpg","type":"image\/jpeg"}],"twitter_card":"summary_large_image","twitter_misc":{"Estimeret l\u00e6setid":"1 minut"},"schema":{"@context":"https:\/\/schema.org","@graph":[{"@type":"WebPage","@id":"https:\/\/munkoescomputer.dk\/?product=excel-regnskab-ivaerksaetter","url":"https:\/\/munkoescomputer.dk\/?product=excel-regnskab-ivaerksaetter","name":"Excel Regnskab Iv\u00e6rks\u00e6tter - Munk\u00f8&#039;s Computer","isPartOf":{"@id":"https:\/\/munkoescomputer.dk\/#website"},"primaryImageOfPage":{"@id":"https:\/\/munkoescomputer.dk\/?product=excel-regnskab-ivaerksaetter#primaryimage"},"image":{"@id":"https:\/\/munkoescomputer.dk\/?product=excel-regnskab-ivaerksaetter#primaryimage"},"thumbnailUrl":"https:\/\/munkoescomputer.dk\/wp-content\/uploads\/2021\/03\/excel-regnskab-main.jpg","datePublished":"2021-03-30T18:44:23+00:00","dateModified":"2021-04-12T10:24:30+00:00","description":"Dette er et simpel regnskabsprogram, som ogs\u00e5 kan bruges i Open Office. Det kraver ingen uddannelse at bruge programmet","breadcrumb":{"@id":"https:\/\/munkoescomputer.dk\/?product=excel-regnskab-ivaerksaetter#breadcrumb"},"inLanguage":"da-DK","potentialAction":[{"@type":"ReadAction","target":["https:\/\/munkoescomputer.dk\/?product=excel-regnskab-ivaerksaetter"]}]},{"@type":"ImageObject","inLanguage":"da-DK","@id":"https:\/\/munkoescomputer.dk\/?product=excel-regnskab-ivaerksaetter#primaryimage","url":"https:\/\/munkoescomputer.dk\/wp-content\/uploads\/2021\/03\/excel-regnskab-main.jpg","contentUrl":"https:\/\/munkoescomputer.dk\/wp-content\/uploads\/2021\/03\/excel-regnskab-main.jpg","width":680,"height":447,"caption":"Excel regnskab"},{"@type":"BreadcrumbList","@id":"https:\/\/munkoescomputer.dk\/?product=excel-regnskab-ivaerksaetter#breadcrumb","itemListElement":[{"@type":"ListItem","position":1,"name":"Hjem","item":"https:\/\/munkoescomputer.dk\/"},{"@type":"ListItem","position":2,"name":"Butik","item":"https:\/\/munkoescomputer.dk\/?page_id=18"},{"@type":"ListItem","position":3,"name":"Excel Regnskab Iv\u00e6rks\u00e6tter"}]},{"@type":"WebSite","@id":"https:\/\/munkoescomputer.dk\/#website","url":"https:\/\/munkoescomputer.dk\/","name":"Munk\u00f8&#039;s Computer","description":"Endnu en WordPress-blog","potentialAction":[{"@type":"SearchAction","target":{"@type":"EntryPoint","urlTemplate":"https:\/\/munkoescomputer.dk\/?s={search_term_string}"},"query-input":{"@type":"PropertyValueSpecification","valueRequired":true,"valueName":"search_term_string"}}],"inLanguage":"da-DK"}]}},"_links":{"self":[{"href":"https:\/\/munkoescomputer.dk\/index.php?rest_route=\/wp\/v2\/product\/943","targetHints":{"allow":["GET"]}}],"collection":[{"href":"https:\/\/munkoescomputer.dk\/index.php?rest_route=\/wp\/v2\/product"}],"about":[{"href":"https:\/\/munkoescomputer.dk\/index.php?rest_route=\/wp\/v2\/types\/product"}],"replies":[{"embeddable":true,"href":"https:\/\/munkoescomputer.dk\/index.php?rest_route=%2Fwp%2Fv2%2Fcomments&post=943"}],"wp:featuredmedia":[{"embeddable":true,"href":"https:\/\/munkoescomputer.dk\/index.php?rest_route=\/wp\/v2\/media\/921"}],"wp:attachment":[{"href":"https:\/\/munkoescomputer.dk\/index.php?rest_route=%2Fwp%2Fv2%2Fmedia&parent=943"}],"wp:term":[{"taxonomy":"product_brand","embeddable":true,"href":"https:\/\/munkoescomputer.dk\/index.php?rest_route=%2Fwp%2Fv2%2Fproduct_brand&post=943"},{"taxonomy":"product_cat","embeddable":true,"href":"https:\/\/munkoescomputer.dk\/index.php?rest_route=%2Fwp%2Fv2%2Fproduct_cat&post=943"},{"taxonomy":"product_tag","embeddable":true,"href":"https:\/\/munkoescomputer.dk\/index.php?rest_route=%2Fwp%2Fv2%2Fproduct_tag&post=943"}],"curies":[{"name":"wp","href":"https:\/\/api.w.org\/{rel}","templated":true}]}}