{"id":922,"date":"2021-03-30T08:26:15","date_gmt":"2021-03-30T06:26:15","guid":{"rendered":"https:\/\/munkoescomputer.dk\/?post_type=product&#038;p=922"},"modified":"2021-04-12T12:25:53","modified_gmt":"2021-04-12T10:25:53","slug":"excel-regnskab-virksomhed","status":"publish","type":"product","link":"https:\/\/munkoescomputer.dk\/?product=excel-regnskab-virksomhed","title":{"rendered":"Excel Regnskab Virksomhed"},"content":{"rendered":"<p><img decoding=\"async\" class=\"alignnone size-medium wp-image-921\" src=\"https:\/\/munkoescomputer.dk\/wp-content\/uploads\/2021\/03\/excel-regnskab-main-300x197.jpg\" alt=\"\" width=\"300\" height=\"197\" srcset=\"https:\/\/munkoescomputer.dk\/wp-content\/uploads\/2021\/03\/excel-regnskab-main-200x131.jpg 200w, https:\/\/munkoescomputer.dk\/wp-content\/uploads\/2021\/03\/excel-regnskab-main-300x197.jpg 300w, https:\/\/munkoescomputer.dk\/wp-content\/uploads\/2021\/03\/excel-regnskab-main-400x263.jpg 400w, https:\/\/munkoescomputer.dk\/wp-content\/uploads\/2021\/03\/excel-regnskab-main-500x329.jpg 500w, https:\/\/munkoescomputer.dk\/wp-content\/uploads\/2021\/03\/excel-regnskab-main-600x394.jpg 600w, https:\/\/munkoescomputer.dk\/wp-content\/uploads\/2021\/03\/excel-regnskab-main.jpg 680w\" sizes=\"(max-width: 300px) 100vw, 300px\" \/><br \/>\nKonto plan ser s\u00e5dan ud. Du har mulighed for at \u00e6ndre det<br \/>\n<img decoding=\"async\" class=\"alignnone size-medium wp-image-923\" src=\"https:\/\/munkoescomputer.dk\/wp-content\/uploads\/2021\/03\/kontoplan2-300x226.jpg\" alt=\"\" width=\"300\" height=\"226\" srcset=\"https:\/\/munkoescomputer.dk\/wp-content\/uploads\/2021\/03\/kontoplan2-200x151.jpg 200w, https:\/\/munkoescomputer.dk\/wp-content\/uploads\/2021\/03\/kontoplan2-300x226.jpg 300w, https:\/\/munkoescomputer.dk\/wp-content\/uploads\/2021\/03\/kontoplan2-400x301.jpg 400w, https:\/\/munkoescomputer.dk\/wp-content\/uploads\/2021\/03\/kontoplan2-500x376.jpg 500w, https:\/\/munkoescomputer.dk\/wp-content\/uploads\/2021\/03\/kontoplan2-600x452.jpg 600w, https:\/\/munkoescomputer.dk\/wp-content\/uploads\/2021\/03\/kontoplan2.jpg 680w\" sizes=\"(max-width: 300px) 100vw, 300px\" \/><\/p>\n<p>Bogf\u00f8ring ser s\u00e5dan ud<\/p>\n<p><img decoding=\"async\" class=\"alignnone size-medium wp-image-924\" src=\"https:\/\/munkoescomputer.dk\/wp-content\/uploads\/2021\/03\/bogforing-300x71.jpg\" alt=\"\" width=\"300\" height=\"71\" srcset=\"https:\/\/munkoescomputer.dk\/wp-content\/uploads\/2021\/03\/bogforing-200x47.jpg 200w, https:\/\/munkoescomputer.dk\/wp-content\/uploads\/2021\/03\/bogforing-300x71.jpg 300w, https:\/\/munkoescomputer.dk\/wp-content\/uploads\/2021\/03\/bogforing-400x94.jpg 400w, https:\/\/munkoescomputer.dk\/wp-content\/uploads\/2021\/03\/bogforing-500x118.jpg 500w, https:\/\/munkoescomputer.dk\/wp-content\/uploads\/2021\/03\/bogforing-600x141.jpg 600w, https:\/\/munkoescomputer.dk\/wp-content\/uploads\/2021\/03\/bogforing-669x160.jpg 669w, https:\/\/munkoescomputer.dk\/wp-content\/uploads\/2021\/03\/bogforing.jpg 680w\" sizes=\"(max-width: 300px) 100vw, 300px\" \/><\/p>\n<p>Moms regnskabet ser s\u00e5dan ud<\/p>\n<p><img decoding=\"async\" class=\"alignnone size-medium wp-image-925\" src=\"https:\/\/munkoescomputer.dk\/wp-content\/uploads\/2021\/03\/momsregnskab-300x264.jpg\" alt=\"\" width=\"300\" height=\"264\" srcset=\"https:\/\/munkoescomputer.dk\/wp-content\/uploads\/2021\/03\/momsregnskab-200x176.jpg 200w, https:\/\/munkoescomputer.dk\/wp-content\/uploads\/2021\/03\/momsregnskab-300x264.jpg 300w, https:\/\/munkoescomputer.dk\/wp-content\/uploads\/2021\/03\/momsregnskab-400x352.jpg 400w, https:\/\/munkoescomputer.dk\/wp-content\/uploads\/2021\/03\/momsregnskab-500x440.jpg 500w, https:\/\/munkoescomputer.dk\/wp-content\/uploads\/2021\/03\/momsregnskab-600x528.jpg 600w, https:\/\/munkoescomputer.dk\/wp-content\/uploads\/2021\/03\/momsregnskab.jpg 680w\" sizes=\"(max-width: 300px) 100vw, 300px\" \/><\/p>\n<p>Selve regnskabet ser s\u00e5dan ud<\/p>\n<p><img decoding=\"async\" class=\"alignnone size-medium wp-image-926\" src=\"https:\/\/munkoescomputer.dk\/wp-content\/uploads\/2021\/03\/regnskab-udskrift-300x244.jpg\" alt=\"\" width=\"300\" height=\"244\" srcset=\"https:\/\/munkoescomputer.dk\/wp-content\/uploads\/2021\/03\/regnskab-udskrift-200x162.jpg 200w, https:\/\/munkoescomputer.dk\/wp-content\/uploads\/2021\/03\/regnskab-udskrift-300x244.jpg 300w, https:\/\/munkoescomputer.dk\/wp-content\/uploads\/2021\/03\/regnskab-udskrift-400x325.jpg 400w, https:\/\/munkoescomputer.dk\/wp-content\/uploads\/2021\/03\/regnskab-udskrift-500x406.jpg 500w, https:\/\/munkoescomputer.dk\/wp-content\/uploads\/2021\/03\/regnskab-udskrift-600x487.jpg 600w, https:\/\/munkoescomputer.dk\/wp-content\/uploads\/2021\/03\/regnskab-udskrift.jpg 680w\" sizes=\"(max-width: 300px) 100vw, 300px\" \/><\/p>\n<p>Der er ogs\u00e5 mulighed for at lave regnskab over afskrivninger<\/p>\n<p><img decoding=\"async\" class=\"alignnone size-medium wp-image-927\" src=\"https:\/\/munkoescomputer.dk\/wp-content\/uploads\/2021\/03\/afskrivning-300x146.jpg\" alt=\"afskrivning diagram\" width=\"300\" height=\"146\" srcset=\"https:\/\/munkoescomputer.dk\/wp-content\/uploads\/2021\/03\/afskrivning-200x97.jpg 200w, https:\/\/munkoescomputer.dk\/wp-content\/uploads\/2021\/03\/afskrivning-300x146.jpg 300w, https:\/\/munkoescomputer.dk\/wp-content\/uploads\/2021\/03\/afskrivning-400x195.jpg 400w, https:\/\/munkoescomputer.dk\/wp-content\/uploads\/2021\/03\/afskrivning-500x243.jpg 500w, https:\/\/munkoescomputer.dk\/wp-content\/uploads\/2021\/03\/afskrivning-600x292.jpg 600w, https:\/\/munkoescomputer.dk\/wp-content\/uploads\/2021\/03\/afskrivning.jpg 680w\" sizes=\"(max-width: 300px) 100vw, 300px\" \/><\/p>\n<div class=\"video-shortcode\"><iframe title=\"Excel Regnskab Virksomhed\" width=\"1170\" height=\"878\" src=\"https:\/\/www.youtube.com\/embed\/ZC2AIEjp7u8?feature=oembed\" frameborder=\"0\" allow=\"accelerometer; autoplay; clipboard-write; encrypted-media; gyroscope; picture-in-picture\" allowfullscreen><\/iframe><\/div>\n","protected":false},"excerpt":{"rendered":"<p>Konto plan ser s\u00e5dan ud. Du har mulighed for at \u00e6ndre det Bogf\u00f8ring ser s\u00e5dan ud Moms regnskabet ser s\u00e5dan ud Selve regnskabet ser s\u00e5dan ud Der er ogs\u00e5 [&hellip;]<\/p>\n","protected":false},"featured_media":921,"comment_status":"open","ping_status":"closed","template":"","meta":[],"product_brand":[],"product_cat":[39],"product_tag":[41,40,42],"class_list":{"0":"post-922","1":"product","2":"type-product","3":"status-publish","4":"has-post-thumbnail","6":"product_cat-excel-programmer","7":"product_tag-excel","8":"product_tag-excel-regnskab","9":"product_tag-regnskab","11":"first","12":"instock","13":"sale","14":"taxable","15":"shipping-taxable","16":"purchasable","17":"product-type-simple"},"yoast_head":"<!-- This site is optimized with the Yoast SEO plugin v27.0 - https:\/\/yoast.com\/product\/yoast-seo-wordpress\/ -->\n<title>Excel Regnskab Virksomhed - Munk\u00f8&#039;s Computer<\/title>\n<meta name=\"robots\" content=\"index, follow, max-snippet:-1, max-image-preview:large, max-video-preview:-1\" \/>\n<link rel=\"canonical\" href=\"https:\/\/munkoescomputer.dk\/?product=excel-regnskab-virksomhed\" \/>\n<meta property=\"og:locale\" content=\"da_DK\" \/>\n<meta property=\"og:type\" content=\"article\" \/>\n<meta property=\"og:title\" content=\"Excel Regnskab Virksomhed - Munk\u00f8&#039;s Computer\" \/>\n<meta property=\"og:description\" content=\"Konto plan ser s\u00e5dan ud. Du har mulighed for at \u00e6ndre det Bogf\u00f8ring ser s\u00e5dan ud Moms regnskabet ser s\u00e5dan ud Selve regnskabet ser s\u00e5dan ud Der er ogs\u00e5 [&hellip;]\" \/>\n<meta property=\"og:url\" content=\"https:\/\/munkoescomputer.dk\/?product=excel-regnskab-virksomhed\" \/>\n<meta property=\"og:site_name\" content=\"Munk\u00f8&#039;s Computer\" \/>\n<meta property=\"article:modified_time\" content=\"2021-04-12T10:25:53+00:00\" \/>\n<meta property=\"og:image\" content=\"https:\/\/munkoescomputer.dk\/wp-content\/uploads\/2021\/03\/excel-regnskab-main.jpg\" \/>\n\t<meta property=\"og:image:width\" content=\"680\" \/>\n\t<meta property=\"og:image:height\" content=\"447\" \/>\n\t<meta property=\"og:image:type\" content=\"image\/jpeg\" \/>\n<meta name=\"twitter:card\" content=\"summary_large_image\" \/>\n<meta name=\"twitter:label1\" content=\"Estimeret l\u00e6setid\" \/>\n\t<meta name=\"twitter:data1\" content=\"2 minutter\" \/>\n<script type=\"application\/ld+json\" class=\"yoast-schema-graph\">{\"@context\":\"https:\/\/schema.org\",\"@graph\":[{\"@type\":\"WebPage\",\"@id\":\"https:\/\/munkoescomputer.dk\/?product=excel-regnskab-virksomhed\",\"url\":\"https:\/\/munkoescomputer.dk\/?product=excel-regnskab-virksomhed\",\"name\":\"Excel Regnskab Virksomhed - Munk\u00f8&#039;s Computer\",\"isPartOf\":{\"@id\":\"https:\/\/munkoescomputer.dk\/#website\"},\"primaryImageOfPage\":{\"@id\":\"https:\/\/munkoescomputer.dk\/?product=excel-regnskab-virksomhed#primaryimage\"},\"image\":{\"@id\":\"https:\/\/munkoescomputer.dk\/?product=excel-regnskab-virksomhed#primaryimage\"},\"thumbnailUrl\":\"https:\/\/munkoescomputer.dk\/wp-content\/uploads\/2021\/03\/excel-regnskab-main.jpg\",\"datePublished\":\"2021-03-30T06:26:15+00:00\",\"dateModified\":\"2021-04-12T10:25:53+00:00\",\"breadcrumb\":{\"@id\":\"https:\/\/munkoescomputer.dk\/?product=excel-regnskab-virksomhed#breadcrumb\"},\"inLanguage\":\"da-DK\",\"potentialAction\":[{\"@type\":\"ReadAction\",\"target\":[\"https:\/\/munkoescomputer.dk\/?product=excel-regnskab-virksomhed\"]}]},{\"@type\":\"ImageObject\",\"inLanguage\":\"da-DK\",\"@id\":\"https:\/\/munkoescomputer.dk\/?product=excel-regnskab-virksomhed#primaryimage\",\"url\":\"https:\/\/munkoescomputer.dk\/wp-content\/uploads\/2021\/03\/excel-regnskab-main.jpg\",\"contentUrl\":\"https:\/\/munkoescomputer.dk\/wp-content\/uploads\/2021\/03\/excel-regnskab-main.jpg\",\"width\":680,\"height\":447,\"caption\":\"Excel regnskab\"},{\"@type\":\"BreadcrumbList\",\"@id\":\"https:\/\/munkoescomputer.dk\/?product=excel-regnskab-virksomhed#breadcrumb\",\"itemListElement\":[{\"@type\":\"ListItem\",\"position\":1,\"name\":\"Hjem\",\"item\":\"https:\/\/munkoescomputer.dk\/\"},{\"@type\":\"ListItem\",\"position\":2,\"name\":\"Butik\",\"item\":\"https:\/\/munkoescomputer.dk\/?page_id=18\"},{\"@type\":\"ListItem\",\"position\":3,\"name\":\"Excel Regnskab Virksomhed\"}]},{\"@type\":\"WebSite\",\"@id\":\"https:\/\/munkoescomputer.dk\/#website\",\"url\":\"https:\/\/munkoescomputer.dk\/\",\"name\":\"Munk\u00f8&#039;s Computer\",\"description\":\"Endnu en WordPress-blog\",\"potentialAction\":[{\"@type\":\"SearchAction\",\"target\":{\"@type\":\"EntryPoint\",\"urlTemplate\":\"https:\/\/munkoescomputer.dk\/?s={search_term_string}\"},\"query-input\":{\"@type\":\"PropertyValueSpecification\",\"valueRequired\":true,\"valueName\":\"search_term_string\"}}],\"inLanguage\":\"da-DK\"}]}<\/script>\n<!-- \/ Yoast SEO plugin. -->","yoast_head_json":{"title":"Excel Regnskab Virksomhed - Munk\u00f8&#039;s Computer","robots":{"index":"index","follow":"follow","max-snippet":"max-snippet:-1","max-image-preview":"max-image-preview:large","max-video-preview":"max-video-preview:-1"},"canonical":"https:\/\/munkoescomputer.dk\/?product=excel-regnskab-virksomhed","og_locale":"da_DK","og_type":"article","og_title":"Excel Regnskab Virksomhed - Munk\u00f8&#039;s Computer","og_description":"Konto plan ser s\u00e5dan ud. Du har mulighed for at \u00e6ndre det Bogf\u00f8ring ser s\u00e5dan ud Moms regnskabet ser s\u00e5dan ud Selve regnskabet ser s\u00e5dan ud Der er ogs\u00e5 [&hellip;]","og_url":"https:\/\/munkoescomputer.dk\/?product=excel-regnskab-virksomhed","og_site_name":"Munk\u00f8&#039;s Computer","article_modified_time":"2021-04-12T10:25:53+00:00","og_image":[{"width":680,"height":447,"url":"https:\/\/munkoescomputer.dk\/wp-content\/uploads\/2021\/03\/excel-regnskab-main.jpg","type":"image\/jpeg"}],"twitter_card":"summary_large_image","twitter_misc":{"Estimeret l\u00e6setid":"2 minutter"},"schema":{"@context":"https:\/\/schema.org","@graph":[{"@type":"WebPage","@id":"https:\/\/munkoescomputer.dk\/?product=excel-regnskab-virksomhed","url":"https:\/\/munkoescomputer.dk\/?product=excel-regnskab-virksomhed","name":"Excel Regnskab Virksomhed - Munk\u00f8&#039;s Computer","isPartOf":{"@id":"https:\/\/munkoescomputer.dk\/#website"},"primaryImageOfPage":{"@id":"https:\/\/munkoescomputer.dk\/?product=excel-regnskab-virksomhed#primaryimage"},"image":{"@id":"https:\/\/munkoescomputer.dk\/?product=excel-regnskab-virksomhed#primaryimage"},"thumbnailUrl":"https:\/\/munkoescomputer.dk\/wp-content\/uploads\/2021\/03\/excel-regnskab-main.jpg","datePublished":"2021-03-30T06:26:15+00:00","dateModified":"2021-04-12T10:25:53+00:00","breadcrumb":{"@id":"https:\/\/munkoescomputer.dk\/?product=excel-regnskab-virksomhed#breadcrumb"},"inLanguage":"da-DK","potentialAction":[{"@type":"ReadAction","target":["https:\/\/munkoescomputer.dk\/?product=excel-regnskab-virksomhed"]}]},{"@type":"ImageObject","inLanguage":"da-DK","@id":"https:\/\/munkoescomputer.dk\/?product=excel-regnskab-virksomhed#primaryimage","url":"https:\/\/munkoescomputer.dk\/wp-content\/uploads\/2021\/03\/excel-regnskab-main.jpg","contentUrl":"https:\/\/munkoescomputer.dk\/wp-content\/uploads\/2021\/03\/excel-regnskab-main.jpg","width":680,"height":447,"caption":"Excel regnskab"},{"@type":"BreadcrumbList","@id":"https:\/\/munkoescomputer.dk\/?product=excel-regnskab-virksomhed#breadcrumb","itemListElement":[{"@type":"ListItem","position":1,"name":"Hjem","item":"https:\/\/munkoescomputer.dk\/"},{"@type":"ListItem","position":2,"name":"Butik","item":"https:\/\/munkoescomputer.dk\/?page_id=18"},{"@type":"ListItem","position":3,"name":"Excel Regnskab Virksomhed"}]},{"@type":"WebSite","@id":"https:\/\/munkoescomputer.dk\/#website","url":"https:\/\/munkoescomputer.dk\/","name":"Munk\u00f8&#039;s Computer","description":"Endnu en WordPress-blog","potentialAction":[{"@type":"SearchAction","target":{"@type":"EntryPoint","urlTemplate":"https:\/\/munkoescomputer.dk\/?s={search_term_string}"},"query-input":{"@type":"PropertyValueSpecification","valueRequired":true,"valueName":"search_term_string"}}],"inLanguage":"da-DK"}]}},"_links":{"self":[{"href":"https:\/\/munkoescomputer.dk\/index.php?rest_route=\/wp\/v2\/product\/922","targetHints":{"allow":["GET"]}}],"collection":[{"href":"https:\/\/munkoescomputer.dk\/index.php?rest_route=\/wp\/v2\/product"}],"about":[{"href":"https:\/\/munkoescomputer.dk\/index.php?rest_route=\/wp\/v2\/types\/product"}],"replies":[{"embeddable":true,"href":"https:\/\/munkoescomputer.dk\/index.php?rest_route=%2Fwp%2Fv2%2Fcomments&post=922"}],"wp:featuredmedia":[{"embeddable":true,"href":"https:\/\/munkoescomputer.dk\/index.php?rest_route=\/wp\/v2\/media\/921"}],"wp:attachment":[{"href":"https:\/\/munkoescomputer.dk\/index.php?rest_route=%2Fwp%2Fv2%2Fmedia&parent=922"}],"wp:term":[{"taxonomy":"product_brand","embeddable":true,"href":"https:\/\/munkoescomputer.dk\/index.php?rest_route=%2Fwp%2Fv2%2Fproduct_brand&post=922"},{"taxonomy":"product_cat","embeddable":true,"href":"https:\/\/munkoescomputer.dk\/index.php?rest_route=%2Fwp%2Fv2%2Fproduct_cat&post=922"},{"taxonomy":"product_tag","embeddable":true,"href":"https:\/\/munkoescomputer.dk\/index.php?rest_route=%2Fwp%2Fv2%2Fproduct_tag&post=922"}],"curies":[{"name":"wp","href":"https:\/\/api.w.org\/{rel}","templated":true}]}}