{"id":1015,"date":"2021-04-16T11:02:17","date_gmt":"2021-04-16T09:02:17","guid":{"rendered":"https:\/\/munkoescomputer.dk\/?post_type=product&#038;p=1015"},"modified":"2021-04-16T11:55:45","modified_gmt":"2021-04-16T09:55:45","slug":"tivoli-storage-manager","status":"publish","type":"product","link":"https:\/\/munkoescomputer.dk\/?product=tivoli-storage-manager","title":{"rendered":"Tivoli Storage Manager 6 mdr."},"content":{"rendered":"<div class=\"mainContentLeft\">\n<h4>Hvad er Tivoli Storage Manager<\/h4>\n<p>IBM Tivoli Storage Manager (TSM) er hurtigt blevet den mest udbredte storage- og backupl\u00f8sning. TSM har v\u00e6ret p\u00e5 markedet i mere end 15 \u00e5r, og anvendes i dag af en lang r\u00e6kke af de st\u00f8rste virksomheder i Danmark.<\/p>\n<p>L\u00f8sningen giver kunden mulighed for at tage backup af virksomhedens data p\u00e5 tv\u00e6rs af de fleste platforme og derefter genskabe det igen, hvis uheldet har v\u00e6ret ude &#8211; hurtigt og simpelt. TSM kan leveres som en &#8216;storage bundle&#8217;, hvilket i bund og grund betyder at den kan tilpasses den enkelte kundes unikke behov, uanset hvilket servermilj\u00f8 han har.<\/p>\n<p>Kunden vil kunne tage backup af hele virksomhedens data p\u00e5 en gang, herefter bliver der automatisk taget backup af de \u00e6ndringer der foretages. Det betyder at de variable omkostninger kan holdes nede, hvorved du kan tilbyde kunden en effektiv l\u00f8sning, hvor hans udgifter samtidig minimeres.<\/p>\n<p>TSM udm\u00e6rker sig derudover bl.a. ved muligheden for at differentiere i den type data der skal tages backup af. Hertil vil der ligeledes v\u00e6re mulighed for at opstille politikker for, hvilke data der skal efterf\u00f8lgende skal genskabes f\u00f8rst (f.eks. forretningskritiske applikationer og data). Det giver virksomheden mulighed for hurtigt at v\u00e6re funktionel igen, i tilf\u00e6lde af et eventuelt nedbrud, ligeledes vil tabene som f\u00f8lge deraf bliver minimeret.<\/p>\n<\/div>\n","protected":false},"excerpt":{"rendered":"<table border=\"0\" cellspacing=\"0\" cellpadding=\"0\">\n<tbody>\n<tr>\n<td class=\"tableSpecEven\">Intelligent backupsystem, der kun tager backup af nye og forandrede dokumenter\/filer.<\/td>\n<td class=\"tableColEven\"><img decoding=\"async\" src=\"https:\/\/reseller.curanet.dk\/img\/icons\/check-icon.png\" alt=\"Funktion inkluderet\" \/><\/td>\n<\/tr>\n<tr>\n<td class=\"tableSpecOdd\">Kr\u00e6ver mindre af b\u00e5ndbredden og netv\u00e6rksinfrastrukturen end konkurrerende backup l\u00f8sninger.<\/td>\n<td class=\"tableColOdd\"><img decoding=\"async\" src=\"https:\/\/reseller.curanet.dk\/img\/icons\/check-icon.png\" alt=\"Funktion inkluderet\" \/><\/td>\n<\/tr>\n<tr>\n<td class=\"tableSpecEven\">Mulighed for at automatisere kritiske processer omkring styringen af backupl\u00f8sningen.<\/td>\n<td class=\"tableColEven\"><img decoding=\"async\" src=\"https:\/\/reseller.curanet.dk\/img\/icons\/check-icon.png\" alt=\"Funktion inkluderet\" \/><\/td>\n<\/tr>\n<tr>\n<td class=\"tableSpecOdd\">Nemt at beskytte og h\u00e5ndtere dokumenter der kun skal gemmes i et bestemt tidsinterval.<\/td>\n<td class=\"tableColOdd\"><img decoding=\"async\" src=\"https:\/\/reseller.curanet.dk\/img\/icons\/check-icon.png\" alt=\"Funktion inkluderet\" \/><\/td>\n<\/tr>\n<tr>\n<td class=\"tableSpecEven\">Effektiv komprimering af backup data.<\/td>\n<td class=\"tableColEven\"><img decoding=\"async\" src=\"https:\/\/reseller.curanet.dk\/img\/icons\/check-icon.png\" alt=\"Funktion inkluderet\" \/><\/td>\n<\/tr>\n<tr>\n<td class=\"tableSpecOdd\">Minimerede krav til den l\u00f8bende administration af l\u00f8sningen.<\/td>\n<td class=\"tableColOdd\"><img decoding=\"async\" src=\"https:\/\/reseller.curanet.dk\/img\/icons\/check-icon.png\" alt=\"Funktion inkluderet\" \/><\/td>\n<\/tr>\n<tr>\n<td class=\"tableSpecEven\">24\/7 adgang til forretningskritiske data og applikationer, ogs\u00e5 ved nedbrud.<\/td>\n<td class=\"tableColEven\"><img decoding=\"async\" src=\"https:\/\/reseller.curanet.dk\/img\/icons\/check-icon.png\" alt=\"Funktion inkluderet\" \/><\/td>\n<\/tr>\n<tr>\n<td class=\"tableSpecOdd\">Hierarkisk opbygning af backupl\u00f8sning, s\u00e5 det vigtigste data kan blive gendannet f\u00f8rst.<\/td>\n<td class=\"tableColOdd\"><img decoding=\"async\" src=\"https:\/\/reseller.curanet.dk\/img\/icons\/check-icon.png\" alt=\"Funktion inkluderet\" \/><\/td>\n<\/tr>\n<tr>\n<td colspan=\"2\"><\/td>\n<\/tr>\n<tr>\n<td><\/td>\n<\/tr>\n<\/tbody>\n<\/table>\n<table style=\"height: 109px;\" border=\"0\" width=\"710\" cellspacing=\"0\" cellpadding=\"0\">\n<tbody>\n<tr>\n<td class=\"tableSpecEven\">Kommunikation mellem server og klient foretages via en sikker SSL krypteret kanal<\/td>\n<td class=\"tableColEven\"><img decoding=\"async\" src=\"https:\/\/reseller.curanet.dk\/img\/icons\/check-icon.png\" alt=\"Funktion inkluderet\" \/><\/td>\n<\/tr>\n<tr>\n<td class=\"tableSpecOdd\">Data krypteres med en 128bit krypteringsn\u00f8gle, n\u00e5r det lagres p\u00e5 serveren<\/td>\n<td class=\"tableColOdd\"><img decoding=\"async\" src=\"https:\/\/reseller.curanet.dk\/img\/icons\/check-icon.png\" alt=\"Funktion inkluderet\" \/><\/td>\n<\/tr>\n<tr>\n<td class=\"tableSpecEven\">Mulighed for flere forskellige krypteringsmetoder, f.eks. ECB og Cipher Block Chaining<\/td>\n<td class=\"tableColEven\"><img decoding=\"async\" src=\"https:\/\/reseller.curanet.dk\/img\/icons\/check-icon.png\" alt=\"Funktion inkluderet\" \/><\/td>\n<\/tr>\n<tr>\n<td class=\"tableSpecOdd\">Mulighed for IP filtrering, som sikrer at, uvedkommende ikke f\u00e5r adgang til backup data<\/td>\n<\/tr>\n<\/tbody>\n<\/table>\n","protected":false},"featured_media":1001,"comment_status":"open","ping_status":"closed","template":"","meta":[],"product_brand":[],"product_cat":[47],"product_tag":[],"class_list":{"0":"post-1015","1":"product","2":"type-product","3":"status-publish","4":"has-post-thumbnail","6":"product_cat-backup-loesning","8":"first","9":"instock","10":"taxable","11":"shipping-taxable","12":"purchasable","13":"product-type-simple"},"yoast_head":"<!-- This site is optimized with the Yoast SEO plugin v27.0 - https:\/\/yoast.com\/product\/yoast-seo-wordpress\/ -->\n<title>Tivoli Storage Manager 6 mdr. - Munk\u00f8&#039;s Computer<\/title>\n<meta name=\"robots\" content=\"index, follow, max-snippet:-1, max-image-preview:large, max-video-preview:-1\" \/>\n<link rel=\"canonical\" href=\"https:\/\/munkoescomputer.dk\/?product=tivoli-storage-manager\" \/>\n<meta property=\"og:locale\" content=\"da_DK\" \/>\n<meta property=\"og:type\" content=\"article\" \/>\n<meta property=\"og:title\" content=\"Tivoli Storage Manager 6 mdr. - Munk\u00f8&#039;s Computer\" \/>\n<meta property=\"og:description\" content=\"Intelligent backupsystem, der kun tager backup af nye og forandrede dokumenter\/filer.    Kr\u00e6ver mindre af b\u00e5ndbredden og netv\u00e6rksinfrastrukturen end konkurrerende backup l\u00f8sninger.    Mulighed for at automatisere kritiske processer omkring styringen af backupl\u00f8sningen.    Nemt at beskytte og h\u00e5ndtere dokumenter der kun skal gemmes i et bestemt tidsinterval.    Effektiv komprimering af backup data.    Minimerede krav til den l\u00f8bende administration af l\u00f8sningen.    24\/7 adgang til forretningskritiske data og applikationer, ogs\u00e5 ved nedbrud.    Hierarkisk opbygning af backupl\u00f8sning, s\u00e5 det vigtigste data kan blive gendannet f\u00f8rst.              Kommunikation mellem server og klient foretages via en sikker SSL krypteret kanal    Data krypteres med en 128bit krypteringsn\u00f8gle, n\u00e5r det lagres p\u00e5 serveren    Mulighed for flere forskellige krypteringsmetoder, f.eks. ECB og Cipher Block Chaining    Mulighed for IP filtrering, som sikrer at, uvedkommende ikke f\u00e5r adgang til backup data\" \/>\n<meta property=\"og:url\" content=\"https:\/\/munkoescomputer.dk\/?product=tivoli-storage-manager\" \/>\n<meta property=\"og:site_name\" content=\"Munk\u00f8&#039;s Computer\" \/>\n<meta property=\"article:modified_time\" content=\"2021-04-16T09:55:45+00:00\" \/>\n<meta property=\"og:image\" content=\"https:\/\/munkoescomputer.dk\/wp-content\/uploads\/2021\/04\/database.png\" \/>\n\t<meta property=\"og:image:width\" content=\"162\" \/>\n\t<meta property=\"og:image:height\" content=\"183\" \/>\n\t<meta property=\"og:image:type\" content=\"image\/png\" \/>\n<meta name=\"twitter:card\" content=\"summary_large_image\" \/>\n<meta name=\"twitter:label1\" content=\"Estimeret l\u00e6setid\" \/>\n\t<meta name=\"twitter:data1\" content=\"1 minut\" \/>\n<script type=\"application\/ld+json\" class=\"yoast-schema-graph\">{\"@context\":\"https:\/\/schema.org\",\"@graph\":[{\"@type\":\"WebPage\",\"@id\":\"https:\/\/munkoescomputer.dk\/?product=tivoli-storage-manager\",\"url\":\"https:\/\/munkoescomputer.dk\/?product=tivoli-storage-manager\",\"name\":\"Tivoli Storage Manager 6 mdr. - Munk\u00f8&#039;s Computer\",\"isPartOf\":{\"@id\":\"https:\/\/munkoescomputer.dk\/#website\"},\"primaryImageOfPage\":{\"@id\":\"https:\/\/munkoescomputer.dk\/?product=tivoli-storage-manager#primaryimage\"},\"image\":{\"@id\":\"https:\/\/munkoescomputer.dk\/?product=tivoli-storage-manager#primaryimage\"},\"thumbnailUrl\":\"https:\/\/munkoescomputer.dk\/wp-content\/uploads\/2021\/04\/database.png\",\"datePublished\":\"2021-04-16T09:02:17+00:00\",\"dateModified\":\"2021-04-16T09:55:45+00:00\",\"breadcrumb\":{\"@id\":\"https:\/\/munkoescomputer.dk\/?product=tivoli-storage-manager#breadcrumb\"},\"inLanguage\":\"da-DK\",\"potentialAction\":[{\"@type\":\"ReadAction\",\"target\":[\"https:\/\/munkoescomputer.dk\/?product=tivoli-storage-manager\"]}]},{\"@type\":\"ImageObject\",\"inLanguage\":\"da-DK\",\"@id\":\"https:\/\/munkoescomputer.dk\/?product=tivoli-storage-manager#primaryimage\",\"url\":\"https:\/\/munkoescomputer.dk\/wp-content\/uploads\/2021\/04\/database.png\",\"contentUrl\":\"https:\/\/munkoescomputer.dk\/wp-content\/uploads\/2021\/04\/database.png\",\"width\":162,\"height\":183,\"caption\":\"Hosting\"},{\"@type\":\"BreadcrumbList\",\"@id\":\"https:\/\/munkoescomputer.dk\/?product=tivoli-storage-manager#breadcrumb\",\"itemListElement\":[{\"@type\":\"ListItem\",\"position\":1,\"name\":\"Hjem\",\"item\":\"https:\/\/munkoescomputer.dk\/\"},{\"@type\":\"ListItem\",\"position\":2,\"name\":\"Butik\",\"item\":\"https:\/\/munkoescomputer.dk\/?page_id=18\"},{\"@type\":\"ListItem\",\"position\":3,\"name\":\"Tivoli Storage Manager 6 mdr.\"}]},{\"@type\":\"WebSite\",\"@id\":\"https:\/\/munkoescomputer.dk\/#website\",\"url\":\"https:\/\/munkoescomputer.dk\/\",\"name\":\"Munk\u00f8&#039;s Computer\",\"description\":\"Endnu en WordPress-blog\",\"potentialAction\":[{\"@type\":\"SearchAction\",\"target\":{\"@type\":\"EntryPoint\",\"urlTemplate\":\"https:\/\/munkoescomputer.dk\/?s={search_term_string}\"},\"query-input\":{\"@type\":\"PropertyValueSpecification\",\"valueRequired\":true,\"valueName\":\"search_term_string\"}}],\"inLanguage\":\"da-DK\"}]}<\/script>\n<!-- \/ Yoast SEO plugin. -->","yoast_head_json":{"title":"Tivoli Storage Manager 6 mdr. - Munk\u00f8&#039;s Computer","robots":{"index":"index","follow":"follow","max-snippet":"max-snippet:-1","max-image-preview":"max-image-preview:large","max-video-preview":"max-video-preview:-1"},"canonical":"https:\/\/munkoescomputer.dk\/?product=tivoli-storage-manager","og_locale":"da_DK","og_type":"article","og_title":"Tivoli Storage Manager 6 mdr. - Munk\u00f8&#039;s Computer","og_description":"Intelligent backupsystem, der kun tager backup af nye og forandrede dokumenter\/filer.    Kr\u00e6ver mindre af b\u00e5ndbredden og netv\u00e6rksinfrastrukturen end konkurrerende backup l\u00f8sninger.    Mulighed for at automatisere kritiske processer omkring styringen af backupl\u00f8sningen.    Nemt at beskytte og h\u00e5ndtere dokumenter der kun skal gemmes i et bestemt tidsinterval.    Effektiv komprimering af backup data.    Minimerede krav til den l\u00f8bende administration af l\u00f8sningen.    24\/7 adgang til forretningskritiske data og applikationer, ogs\u00e5 ved nedbrud.    Hierarkisk opbygning af backupl\u00f8sning, s\u00e5 det vigtigste data kan blive gendannet f\u00f8rst.              Kommunikation mellem server og klient foretages via en sikker SSL krypteret kanal    Data krypteres med en 128bit krypteringsn\u00f8gle, n\u00e5r det lagres p\u00e5 serveren    Mulighed for flere forskellige krypteringsmetoder, f.eks. ECB og Cipher Block Chaining    Mulighed for IP filtrering, som sikrer at, uvedkommende ikke f\u00e5r adgang til backup data","og_url":"https:\/\/munkoescomputer.dk\/?product=tivoli-storage-manager","og_site_name":"Munk\u00f8&#039;s Computer","article_modified_time":"2021-04-16T09:55:45+00:00","og_image":[{"width":162,"height":183,"url":"https:\/\/munkoescomputer.dk\/wp-content\/uploads\/2021\/04\/database.png","type":"image\/png"}],"twitter_card":"summary_large_image","twitter_misc":{"Estimeret l\u00e6setid":"1 minut"},"schema":{"@context":"https:\/\/schema.org","@graph":[{"@type":"WebPage","@id":"https:\/\/munkoescomputer.dk\/?product=tivoli-storage-manager","url":"https:\/\/munkoescomputer.dk\/?product=tivoli-storage-manager","name":"Tivoli Storage Manager 6 mdr. - Munk\u00f8&#039;s Computer","isPartOf":{"@id":"https:\/\/munkoescomputer.dk\/#website"},"primaryImageOfPage":{"@id":"https:\/\/munkoescomputer.dk\/?product=tivoli-storage-manager#primaryimage"},"image":{"@id":"https:\/\/munkoescomputer.dk\/?product=tivoli-storage-manager#primaryimage"},"thumbnailUrl":"https:\/\/munkoescomputer.dk\/wp-content\/uploads\/2021\/04\/database.png","datePublished":"2021-04-16T09:02:17+00:00","dateModified":"2021-04-16T09:55:45+00:00","breadcrumb":{"@id":"https:\/\/munkoescomputer.dk\/?product=tivoli-storage-manager#breadcrumb"},"inLanguage":"da-DK","potentialAction":[{"@type":"ReadAction","target":["https:\/\/munkoescomputer.dk\/?product=tivoli-storage-manager"]}]},{"@type":"ImageObject","inLanguage":"da-DK","@id":"https:\/\/munkoescomputer.dk\/?product=tivoli-storage-manager#primaryimage","url":"https:\/\/munkoescomputer.dk\/wp-content\/uploads\/2021\/04\/database.png","contentUrl":"https:\/\/munkoescomputer.dk\/wp-content\/uploads\/2021\/04\/database.png","width":162,"height":183,"caption":"Hosting"},{"@type":"BreadcrumbList","@id":"https:\/\/munkoescomputer.dk\/?product=tivoli-storage-manager#breadcrumb","itemListElement":[{"@type":"ListItem","position":1,"name":"Hjem","item":"https:\/\/munkoescomputer.dk\/"},{"@type":"ListItem","position":2,"name":"Butik","item":"https:\/\/munkoescomputer.dk\/?page_id=18"},{"@type":"ListItem","position":3,"name":"Tivoli Storage Manager 6 mdr."}]},{"@type":"WebSite","@id":"https:\/\/munkoescomputer.dk\/#website","url":"https:\/\/munkoescomputer.dk\/","name":"Munk\u00f8&#039;s Computer","description":"Endnu en WordPress-blog","potentialAction":[{"@type":"SearchAction","target":{"@type":"EntryPoint","urlTemplate":"https:\/\/munkoescomputer.dk\/?s={search_term_string}"},"query-input":{"@type":"PropertyValueSpecification","valueRequired":true,"valueName":"search_term_string"}}],"inLanguage":"da-DK"}]}},"_links":{"self":[{"href":"https:\/\/munkoescomputer.dk\/index.php?rest_route=\/wp\/v2\/product\/1015","targetHints":{"allow":["GET"]}}],"collection":[{"href":"https:\/\/munkoescomputer.dk\/index.php?rest_route=\/wp\/v2\/product"}],"about":[{"href":"https:\/\/munkoescomputer.dk\/index.php?rest_route=\/wp\/v2\/types\/product"}],"replies":[{"embeddable":true,"href":"https:\/\/munkoescomputer.dk\/index.php?rest_route=%2Fwp%2Fv2%2Fcomments&post=1015"}],"wp:featuredmedia":[{"embeddable":true,"href":"https:\/\/munkoescomputer.dk\/index.php?rest_route=\/wp\/v2\/media\/1001"}],"wp:attachment":[{"href":"https:\/\/munkoescomputer.dk\/index.php?rest_route=%2Fwp%2Fv2%2Fmedia&parent=1015"}],"wp:term":[{"taxonomy":"product_brand","embeddable":true,"href":"https:\/\/munkoescomputer.dk\/index.php?rest_route=%2Fwp%2Fv2%2Fproduct_brand&post=1015"},{"taxonomy":"product_cat","embeddable":true,"href":"https:\/\/munkoescomputer.dk\/index.php?rest_route=%2Fwp%2Fv2%2Fproduct_cat&post=1015"},{"taxonomy":"product_tag","embeddable":true,"href":"https:\/\/munkoescomputer.dk\/index.php?rest_route=%2Fwp%2Fv2%2Fproduct_tag&post=1015"}],"curies":[{"name":"wp","href":"https:\/\/api.w.org\/{rel}","templated":true}]}}