{"id":13,"date":"2021-03-20T19:55:50","date_gmt":"2021-03-20T18:55:50","guid":{"rendered":"https:\/\/munkoescomputer.dk\/?page_id=13"},"modified":"2021-03-29T16:08:47","modified_gmt":"2021-03-29T14:08:47","slug":"om-os","status":"publish","type":"page","link":"https:\/\/munkoescomputer.dk\/?page_id=13","title":{"rendered":"Om Os"},"content":{"rendered":"<div class=\"fusion-fullwidth fullwidth-box fusion-builder-row-1 fusion-flex-container nonhundred-percent-fullwidth non-hundred-percent-height-scrolling\" style=\"background-color: rgba(255,255,255,0);background-position: center center;background-repeat: no-repeat;border-width: 0px 0px 0px 0px;border-color:#eae9e9;border-style:solid;\" ><div class=\"fusion-builder-row fusion-row fusion-flex-align-items-flex-start\" style=\"max-width:1216.8px;margin-left: calc(-4% \/ 2 );margin-right: calc(-4% \/ 2 );\"><div class=\"fusion-layout-column fusion_builder_column fusion-builder-column-0 fusion_builder_column_1_1 1_1 fusion-flex-column\"><div class=\"fusion-column-wrapper fusion-flex-justify-content-flex-start fusion-content-layout-column\" style=\"background-position:left top;background-repeat:no-repeat;-webkit-background-size:cover;-moz-background-size:cover;-o-background-size:cover;background-size:cover;padding: 0px 0px 0px 0px;\"><div class=\"fusion-image-carousel fusion-image-carousel-fixed\"><div class=\"fusion-carousel\" data-autoplay=\"yes\" data-columns=\"5\" data-itemmargin=\"13\" data-itemwidth=\"180\" data-touchscroll=\"no\" data-imagesize=\"fixed\"><div class=\"fusion-carousel-positioner\"><ul class=\"fusion-carousel-holder\"><li class=\"fusion-carousel-item\"><div class=\"fusion-carousel-item-wrapper\"><div class=\"fusion-image-wrapper hover-type-none\"><img decoding=\"async\" width=\"300\" height=\"162\" src=\"https:\/\/munkoescomputer.dk\/wp-content\/uploads\/2021\/03\/300px-PHP-logo.svg.png\" class=\"attachment-blog-medium size-blog-medium\" alt=\"PHP logo\" srcset=\"https:\/\/munkoescomputer.dk\/wp-content\/uploads\/2021\/03\/300px-PHP-logo.svg-200x108.png 200w, https:\/\/munkoescomputer.dk\/wp-content\/uploads\/2021\/03\/300px-PHP-logo.svg.png 300w\" sizes=\"(min-width: 2200px) 100vw, (min-width: 1007px) 224px, (min-width: 915px) 280px, (min-width: 824px) 373px, (min-width: 732px) 559px, (min-width: 640px) 732px, \" \/><\/div><\/div><\/li><li class=\"fusion-carousel-item\"><div class=\"fusion-carousel-item-wrapper\"><div class=\"fusion-image-wrapper hover-type-none\"><img decoding=\"async\" width=\"200\" height=\"200\" src=\"https:\/\/munkoescomputer.dk\/wp-content\/uploads\/2021\/03\/ubuntu-logo.png\" class=\"attachment-blog-medium size-blog-medium\" alt=\"Ubuntu logo\" \/><\/div><\/div><\/li><li class=\"fusion-carousel-item\"><div class=\"fusion-carousel-item-wrapper\"><div class=\"fusion-image-wrapper hover-type-none\"><img decoding=\"async\" width=\"320\" height=\"202\" src=\"https:\/\/munkoescomputer.dk\/wp-content\/uploads\/2021\/03\/dcc-logo-320x202.png\" class=\"attachment-blog-medium size-blog-medium\" alt=\"\" \/><\/div><\/div><\/li><li class=\"fusion-carousel-item\"><div class=\"fusion-carousel-item-wrapper\"><div class=\"fusion-image-wrapper hover-type-none\"><img decoding=\"async\" width=\"306\" height=\"165\" src=\"https:\/\/munkoescomputer.dk\/wp-content\/uploads\/2021\/03\/index.png\" class=\"attachment-blog-medium size-blog-medium\" alt=\"ASP.NET logo\" srcset=\"https:\/\/munkoescomputer.dk\/wp-content\/uploads\/2021\/03\/index-200x108.png 200w, https:\/\/munkoescomputer.dk\/wp-content\/uploads\/2021\/03\/index.png 306w\" sizes=\"(min-width: 2200px) 100vw, (min-width: 1007px) 224px, (min-width: 915px) 280px, (min-width: 824px) 373px, (min-width: 732px) 559px, (min-width: 640px) 732px, \" \/><\/div><\/div><\/li><li class=\"fusion-carousel-item\"><div class=\"fusion-carousel-item-wrapper\"><div class=\"fusion-image-wrapper hover-type-none\"><img decoding=\"async\" width=\"320\" height=\"202\" src=\"https:\/\/munkoescomputer.dk\/wp-content\/uploads\/2021\/03\/wordpress-logo-320x202-1.png\" class=\"attachment-blog-medium size-blog-medium\" alt=\"wordpress\" srcset=\"https:\/\/munkoescomputer.dk\/wp-content\/uploads\/2021\/03\/wordpress-logo-320x202-1-200x126.png 200w, https:\/\/munkoescomputer.dk\/wp-content\/uploads\/2021\/03\/wordpress-logo-320x202-1.png 320w\" sizes=\"(min-width: 2200px) 100vw, (min-width: 1007px) 224px, (min-width: 915px) 280px, (min-width: 824px) 373px, (min-width: 732px) 559px, (min-width: 640px) 732px, \" \/><\/div><\/div><\/li><li class=\"fusion-carousel-item\"><div class=\"fusion-carousel-item-wrapper\"><div class=\"fusion-image-wrapper hover-type-none\"><img decoding=\"async\" width=\"165\" height=\"164\" src=\"https:\/\/munkoescomputer.dk\/wp-content\/uploads\/2021\/03\/umbraco-logo.png\" class=\"attachment-blog-medium size-blog-medium\" alt=\"Umbraco\" \/><\/div><\/div><\/li><li class=\"fusion-carousel-item\"><div class=\"fusion-carousel-item-wrapper\"><div class=\"fusion-image-wrapper hover-type-none\"><img decoding=\"async\" width=\"180\" height=\"180\" src=\"https:\/\/munkoescomputer.dk\/wp-content\/uploads\/2021\/03\/curanet.jpg\" class=\"attachment-blog-medium size-blog-medium\" alt=\"\" \/><\/div><\/div><\/li><li class=\"fusion-carousel-item\"><div class=\"fusion-carousel-item-wrapper\"><div class=\"fusion-image-wrapper hover-type-none\"><img decoding=\"async\" width=\"320\" height=\"202\" src=\"https:\/\/munkoescomputer.dk\/wp-content\/uploads\/2021\/03\/php-639x350-320x202-1.png\" class=\"attachment-blog-medium size-blog-medium\" alt=\"PHP og MySQL\" srcset=\"https:\/\/munkoescomputer.dk\/wp-content\/uploads\/2021\/03\/php-639x350-320x202-1-200x126.png 200w, https:\/\/munkoescomputer.dk\/wp-content\/uploads\/2021\/03\/php-639x350-320x202-1.png 320w\" sizes=\"(min-width: 2200px) 100vw, (min-width: 1007px) 224px, (min-width: 915px) 280px, (min-width: 824px) 373px, (min-width: 732px) 559px, (min-width: 640px) 732px, \" \/><\/div><\/div><\/li><li class=\"fusion-carousel-item\"><div class=\"fusion-carousel-item-wrapper\"><div class=\"fusion-image-wrapper hover-type-none\"><img decoding=\"async\" width=\"320\" height=\"202\" src=\"https:\/\/munkoescomputer.dk\/wp-content\/uploads\/2021\/03\/demo_content-320x202-1.png\" class=\"attachment-blog-medium size-blog-medium\" alt=\"Avada themes\" srcset=\"https:\/\/munkoescomputer.dk\/wp-content\/uploads\/2021\/03\/demo_content-320x202-1-200x126.png 200w, https:\/\/munkoescomputer.dk\/wp-content\/uploads\/2021\/03\/demo_content-320x202-1.png 320w\" sizes=\"(min-width: 2200px) 100vw, (min-width: 1007px) 224px, (min-width: 915px) 280px, (min-width: 824px) 373px, (min-width: 732px) 559px, (min-width: 640px) 732px, \" \/><\/div><\/div><\/li><\/ul><\/div><\/div><\/div>\n<div class=\"fusion-builder-row fusion-builder-row-inner fusion-row fusion-flex-align-items-flex-start\" style=\"width:104% !important;max-width:104% !important;margin-left: calc(-4% \/ 2 );margin-right: calc(-4% \/ 2 );\"><div class=\"fusion-layout-column fusion_builder_column_inner fusion-builder-nested-column-0 fusion_builder_column_inner_1_4 1_4 fusion-flex-column\"><div class=\"fusion-column-wrapper fusion-flex-justify-content-flex-start fusion-content-layout-column\" style=\"background-position:left top;background-repeat:no-repeat;-webkit-background-size:cover;-moz-background-size:cover;-o-background-size:cover;background-size:cover;padding: 0px 0px 0px 0px;\"><div class=\"fusion-person person fusion-person-left fusion-person-1 fusion-person-icon-top\"><div class=\"person-shortcode-image-wrapper\"><div class=\"person-image-container hover-type-none\" style=\"border:0px solid #f6f6f6;-webkit-border-radius:0px;-moz-border-radius:0px;border-radius:0px;\"><img decoding=\"async\" class=\"person-img img-responsive wp-image-906\" width=\"300\" height=\"225\" src=\"https:\/\/munkoescomputer.dk\/wp-content\/uploads\/2021\/03\/carsten_hvid-300x225.jpg\" alt=\"Carsten Munk\u00f8\" srcset=\"https:\/\/munkoescomputer.dk\/wp-content\/uploads\/2021\/03\/carsten_hvid-200x150.jpg 200w, https:\/\/munkoescomputer.dk\/wp-content\/uploads\/2021\/03\/carsten_hvid.jpg 400w\" sizes=\"(max-width: 800px) 100vw, (max-width: 640px) 100vw, 300px\" \/><\/div><\/div><div class=\"person-desc\"><div class=\"person-author\"><div class=\"person-author-wrapper\"><span class=\"person-name\">Carsten Munk\u00f8<\/span><span class=\"person-title\">Ejer<\/span><\/div><\/div><div class=\"person-content fusion-clearfix\">Uddannet Datamatiker suppleret med en profession bachelor i Webudvikling<\/div><\/div><\/div><\/div><style type=\"text\/css\">.fusion-body .fusion-builder-nested-column-0{width:25% !important;margin-top : 0px;margin-bottom : 20px;}.fusion-builder-nested-column-0 > .fusion-column-wrapper {padding-top : 0px !important;padding-right : 0px !important;margin-right : 7.68%;padding-bottom : 0px !important;padding-left : 0px !important;margin-left : 7.68%;}@media only screen and (max-width:800px) {.fusion-body .fusion-builder-nested-column-0{width:100% !important;order : 0;}.fusion-builder-nested-column-0 > .fusion-column-wrapper {margin-right : 1.92%;margin-left : 1.92%;}}@media only screen and (max-width:640px) {.fusion-body .fusion-builder-nested-column-0{width:100% !important;order : 0;}.fusion-builder-nested-column-0 > .fusion-column-wrapper {margin-right : 1.92%;margin-left : 1.92%;}}<\/style><\/div><div class=\"fusion-layout-column fusion_builder_column_inner fusion-builder-nested-column-1 fusion_builder_column_inner_3_4 3_4 fusion-flex-column\"><div class=\"fusion-column-wrapper fusion-flex-justify-content-flex-start fusion-content-layout-column\" style=\"background-position:left top;background-repeat:no-repeat;-webkit-background-size:cover;-moz-background-size:cover;-o-background-size:cover;background-size:cover;padding: 0px 0px 0px 0px;\"><div class=\"fusion-text fusion-text-1\"><p>Firmaet startede op som PC hj\u00e6lp i April 2005. Herefter er det blevet omd\u00f8bt et par gange fra Munk\u00f8&#8217; Computer Service til Munk\u00f8&#8217;s Computer Science og Service og til i dag, hvor vi n\u00f8jes med Munk\u00f8&#8217;s Computer. Fra 2005 til 2008 arbejdede vi n\u00e6sten kun med kundesupport til private og sm\u00e5 virksomheder. Fra 2008 og fremad har vi ogs\u00e5 besk\u00e6ftiget os med b\u00e5de programmering af softwareprodukter og avanceret hjemmesider. Vi har hele tiden haft adresse p\u00e5 S\u00f8ndrevej i Horsens. Vi har samlet lokale p\u00e5 omkring 35 m2 Det er ikke meget, men vi klarer os. Du\/I er altid velkommen p\u00e5 vores kontor\/IT-V\u00e6rksted.<\/p>\n<p><img decoding=\"async\" class=\"size-full wp-image-50 alignright\" src=\"https:\/\/munkoescomputer.dk\/wp-content\/uploads\/2015\/02\/blog4.jpg\" alt=\"\" width=\"200\" height=\"200\" srcset=\"https:\/\/munkoescomputer.dk\/wp-content\/uploads\/2015\/02\/blog4-200x200.jpg 200w, https:\/\/munkoescomputer.dk\/wp-content\/uploads\/2015\/02\/blog4-500x500.jpg 500w, https:\/\/munkoescomputer.dk\/wp-content\/uploads\/2015\/02\/blog4-700x700.jpg 700w, https:\/\/munkoescomputer.dk\/wp-content\/uploads\/2015\/02\/blog4.jpg 800w\" sizes=\"(max-width: 200px) 100vw, 200px\" \/><\/p>\n<p>Vi programmer i b\u00e5de PHP og ASP:NET. Vi kan tilbyde Hosting af det f\u00e6rdige produkt. Udover bygger vi hjemmesider med WordPress og Umbraco, da det b\u00e5de g\u00f8r det nemmere og billigere for os og slut brugeren. Der er flere forskellige fordele ved at bruge f\u00e6rdige udviklet plugins og Themes. For det f\u00f8rste er der l\u00f8bende opdateringer, som normal ikke koster noget, ogs\u00e5 er hjemmeside sikkert. Ved special udviklet hjemmeside, er det kostbart at opdatere p\u00e5 Websiden, da det kun bruges af en bestem kunde.<\/p>\n<\/div><\/div><style type=\"text\/css\">.fusion-body .fusion-builder-nested-column-1{width:75% !important;margin-top : 0px;margin-bottom : 20px;}.fusion-builder-nested-column-1 > .fusion-column-wrapper {padding-top : 0px !important;padding-right : 0px !important;margin-right : 2.56%;padding-bottom : 0px !important;padding-left : 0px !important;margin-left : 2.56%;}@media only screen and (max-width:800px) {.fusion-body .fusion-builder-nested-column-1{width:100% !important;order : 0;}.fusion-builder-nested-column-1 > .fusion-column-wrapper {margin-right : 1.92%;margin-left : 1.92%;}}@media only screen and (max-width:640px) {.fusion-body .fusion-builder-nested-column-1{width:100% !important;order : 0;}.fusion-builder-nested-column-1 > .fusion-column-wrapper {margin-right : 1.92%;margin-left : 1.92%;}}<\/style><\/div><\/div><\/div><style type=\"text\/css\">.fusion-body .fusion-builder-column-0{width:100% !important;margin-top : 0px;margin-bottom : 0px;}.fusion-builder-column-0 > .fusion-column-wrapper {padding-top : 0px !important;padding-right : 0px !important;margin-right : 1.92%;padding-bottom : 0px !important;padding-left : 0px !important;margin-left : 1.92%;}@media only screen and (max-width:800px) {.fusion-body .fusion-builder-column-0{width:100% !important;}.fusion-builder-column-0 > .fusion-column-wrapper {margin-right : 1.92%;margin-left : 1.92%;}}@media only screen and (max-width:640px) {.fusion-body .fusion-builder-column-0{width:100% !important;}.fusion-builder-column-0 > .fusion-column-wrapper {margin-right : 1.92%;margin-left : 1.92%;}}<\/style><\/div><\/div><style type=\"text\/css\">.fusion-body .fusion-flex-container.fusion-builder-row-1{ padding-top : 0px;margin-top : 0px;padding-right : 0px;padding-bottom : 0px;margin-bottom : 0px;padding-left : 0px;}<\/style><\/div>\n","protected":false},"excerpt":{"rendered":"","protected":false},"author":1,"featured_media":0,"parent":0,"menu_order":0,"comment_status":"closed","ping_status":"closed","template":"","meta":{"footnotes":""},"class_list":["post-13","page","type-page","status-publish","hentry"],"yoast_head":"<!-- This site is optimized with the Yoast SEO plugin v27.0 - https:\/\/yoast.com\/product\/yoast-seo-wordpress\/ -->\n<title>Om Os - Munk\u00f8&#039;s Computer<\/title>\n<meta name=\"robots\" content=\"index, follow, max-snippet:-1, max-image-preview:large, max-video-preview:-1\" \/>\n<link rel=\"canonical\" href=\"https:\/\/munkoescomputer.dk\/?page_id=13\" \/>\n<meta property=\"og:locale\" content=\"da_DK\" \/>\n<meta property=\"og:type\" content=\"article\" \/>\n<meta property=\"og:title\" content=\"Om Os - Munk\u00f8&#039;s Computer\" \/>\n<meta property=\"og:url\" content=\"https:\/\/munkoescomputer.dk\/?page_id=13\" \/>\n<meta property=\"og:site_name\" content=\"Munk\u00f8&#039;s Computer\" \/>\n<meta property=\"article:modified_time\" content=\"2021-03-29T14:08:47+00:00\" \/>\n<meta property=\"og:image\" content=\"https:\/\/munkoescomputer.dk\/wp-content\/uploads\/2015\/02\/blog4.jpg\" \/>\n<meta name=\"twitter:card\" content=\"summary_large_image\" \/>\n<meta name=\"twitter:label1\" content=\"Estimeret l\u00e6setid\" \/>\n\t<meta name=\"twitter:data1\" content=\"5 minutter\" \/>\n<script type=\"application\/ld+json\" class=\"yoast-schema-graph\">{\"@context\":\"https:\/\/schema.org\",\"@graph\":[{\"@type\":\"WebPage\",\"@id\":\"https:\/\/munkoescomputer.dk\/?page_id=13\",\"url\":\"https:\/\/munkoescomputer.dk\/?page_id=13\",\"name\":\"Om Os - Munk\u00f8&#039;s Computer\",\"isPartOf\":{\"@id\":\"https:\/\/munkoescomputer.dk\/#website\"},\"primaryImageOfPage\":{\"@id\":\"https:\/\/munkoescomputer.dk\/?page_id=13#primaryimage\"},\"image\":{\"@id\":\"https:\/\/munkoescomputer.dk\/?page_id=13#primaryimage\"},\"thumbnailUrl\":\"https:\/\/munkoescomputer.dk\/wp-content\/uploads\/2015\/02\/blog4.jpg\",\"datePublished\":\"2021-03-20T18:55:50+00:00\",\"dateModified\":\"2021-03-29T14:08:47+00:00\",\"breadcrumb\":{\"@id\":\"https:\/\/munkoescomputer.dk\/?page_id=13#breadcrumb\"},\"inLanguage\":\"da-DK\",\"potentialAction\":[{\"@type\":\"ReadAction\",\"target\":[\"https:\/\/munkoescomputer.dk\/?page_id=13\"]}]},{\"@type\":\"ImageObject\",\"inLanguage\":\"da-DK\",\"@id\":\"https:\/\/munkoescomputer.dk\/?page_id=13#primaryimage\",\"url\":\"https:\/\/munkoescomputer.dk\/wp-content\/uploads\/2015\/02\/blog4.jpg\",\"contentUrl\":\"https:\/\/munkoescomputer.dk\/wp-content\/uploads\/2015\/02\/blog4.jpg\",\"width\":800,\"height\":800},{\"@type\":\"BreadcrumbList\",\"@id\":\"https:\/\/munkoescomputer.dk\/?page_id=13#breadcrumb\",\"itemListElement\":[{\"@type\":\"ListItem\",\"position\":1,\"name\":\"Hjem\",\"item\":\"https:\/\/munkoescomputer.dk\/\"},{\"@type\":\"ListItem\",\"position\":2,\"name\":\"Om Os\"}]},{\"@type\":\"WebSite\",\"@id\":\"https:\/\/munkoescomputer.dk\/#website\",\"url\":\"https:\/\/munkoescomputer.dk\/\",\"name\":\"Munk\u00f8&#039;s Computer\",\"description\":\"Endnu en WordPress-blog\",\"potentialAction\":[{\"@type\":\"SearchAction\",\"target\":{\"@type\":\"EntryPoint\",\"urlTemplate\":\"https:\/\/munkoescomputer.dk\/?s={search_term_string}\"},\"query-input\":{\"@type\":\"PropertyValueSpecification\",\"valueRequired\":true,\"valueName\":\"search_term_string\"}}],\"inLanguage\":\"da-DK\"}]}<\/script>\n<!-- \/ Yoast SEO plugin. -->","yoast_head_json":{"title":"Om Os - Munk\u00f8&#039;s Computer","robots":{"index":"index","follow":"follow","max-snippet":"max-snippet:-1","max-image-preview":"max-image-preview:large","max-video-preview":"max-video-preview:-1"},"canonical":"https:\/\/munkoescomputer.dk\/?page_id=13","og_locale":"da_DK","og_type":"article","og_title":"Om Os - Munk\u00f8&#039;s Computer","og_url":"https:\/\/munkoescomputer.dk\/?page_id=13","og_site_name":"Munk\u00f8&#039;s Computer","article_modified_time":"2021-03-29T14:08:47+00:00","og_image":[{"url":"https:\/\/munkoescomputer.dk\/wp-content\/uploads\/2015\/02\/blog4.jpg","type":"","width":"","height":""}],"twitter_card":"summary_large_image","twitter_misc":{"Estimeret l\u00e6setid":"5 minutter"},"schema":{"@context":"https:\/\/schema.org","@graph":[{"@type":"WebPage","@id":"https:\/\/munkoescomputer.dk\/?page_id=13","url":"https:\/\/munkoescomputer.dk\/?page_id=13","name":"Om Os - Munk\u00f8&#039;s Computer","isPartOf":{"@id":"https:\/\/munkoescomputer.dk\/#website"},"primaryImageOfPage":{"@id":"https:\/\/munkoescomputer.dk\/?page_id=13#primaryimage"},"image":{"@id":"https:\/\/munkoescomputer.dk\/?page_id=13#primaryimage"},"thumbnailUrl":"https:\/\/munkoescomputer.dk\/wp-content\/uploads\/2015\/02\/blog4.jpg","datePublished":"2021-03-20T18:55:50+00:00","dateModified":"2021-03-29T14:08:47+00:00","breadcrumb":{"@id":"https:\/\/munkoescomputer.dk\/?page_id=13#breadcrumb"},"inLanguage":"da-DK","potentialAction":[{"@type":"ReadAction","target":["https:\/\/munkoescomputer.dk\/?page_id=13"]}]},{"@type":"ImageObject","inLanguage":"da-DK","@id":"https:\/\/munkoescomputer.dk\/?page_id=13#primaryimage","url":"https:\/\/munkoescomputer.dk\/wp-content\/uploads\/2015\/02\/blog4.jpg","contentUrl":"https:\/\/munkoescomputer.dk\/wp-content\/uploads\/2015\/02\/blog4.jpg","width":800,"height":800},{"@type":"BreadcrumbList","@id":"https:\/\/munkoescomputer.dk\/?page_id=13#breadcrumb","itemListElement":[{"@type":"ListItem","position":1,"name":"Hjem","item":"https:\/\/munkoescomputer.dk\/"},{"@type":"ListItem","position":2,"name":"Om Os"}]},{"@type":"WebSite","@id":"https:\/\/munkoescomputer.dk\/#website","url":"https:\/\/munkoescomputer.dk\/","name":"Munk\u00f8&#039;s Computer","description":"Endnu en WordPress-blog","potentialAction":[{"@type":"SearchAction","target":{"@type":"EntryPoint","urlTemplate":"https:\/\/munkoescomputer.dk\/?s={search_term_string}"},"query-input":{"@type":"PropertyValueSpecification","valueRequired":true,"valueName":"search_term_string"}}],"inLanguage":"da-DK"}]}},"_links":{"self":[{"href":"https:\/\/munkoescomputer.dk\/index.php?rest_route=\/wp\/v2\/pages\/13","targetHints":{"allow":["GET"]}}],"collection":[{"href":"https:\/\/munkoescomputer.dk\/index.php?rest_route=\/wp\/v2\/pages"}],"about":[{"href":"https:\/\/munkoescomputer.dk\/index.php?rest_route=\/wp\/v2\/types\/page"}],"author":[{"embeddable":true,"href":"https:\/\/munkoescomputer.dk\/index.php?rest_route=\/wp\/v2\/users\/1"}],"replies":[{"embeddable":true,"href":"https:\/\/munkoescomputer.dk\/index.php?rest_route=%2Fwp%2Fv2%2Fcomments&post=13"}],"version-history":[{"count":7,"href":"https:\/\/munkoescomputer.dk\/index.php?rest_route=\/wp\/v2\/pages\/13\/revisions"}],"predecessor-version":[{"id":913,"href":"https:\/\/munkoescomputer.dk\/index.php?rest_route=\/wp\/v2\/pages\/13\/revisions\/913"}],"wp:attachment":[{"href":"https:\/\/munkoescomputer.dk\/index.php?rest_route=%2Fwp%2Fv2%2Fmedia&parent=13"}],"curies":[{"name":"wp","href":"https:\/\/api.w.org\/{rel}","templated":true}]}}